{"id":1558,"date":"2024-07-03T11:45:01","date_gmt":"2024-07-03T11:45:01","guid":{"rendered":"https:\/\/www.ridebikestyle.com\/?page_id=1558"},"modified":"2024-11-15T13:15:04","modified_gmt":"2024-11-15T13:15:04","slug":"services","status":"publish","type":"page","link":"https:\/\/www.ridebikestyle.com\/en\/services\/","title":{"rendered":"Services"},"content":{"rendered":"<div data-elementor-type=\"wp-page\" data-elementor-id=\"1558\" class=\"elementor elementor-1558\" data-elementor-post-type=\"page\">\n\t\t\t\t<div class=\"elementor-element elementor-element-f9ada30 e-flex e-con-boxed e-con e-parent\" data-id=\"f9ada30\" data-element_type=\"container\" data-e-type=\"container\">\n\t\t\t\t\t<div class=\"e-con-inner\">\n\t\t\t\t<div class=\"elementor-element elementor-element-49b139b elementor-widget elementor-widget-heading\" data-id=\"49b139b\" data-element_type=\"widget\" data-e-type=\"widget\" data-widget_type=\"heading.default\">\n\t\t\t\t<div class=\"elementor-widget-container\">\n\t\t\t\t\t<h2 class=\"elementor-heading-title elementor-size-default\">Services and maintenance<\/h2>\t\t\t\t<\/div>\n\t\t\t\t<\/div>\n\t\t\t\t<div class=\"elementor-element elementor-element-a432229 elementor-widget elementor-widget-text-editor\" data-id=\"a432229\" data-element_type=\"widget\" data-e-type=\"widget\" data-widget_type=\"text-editor.default\">\n\t\t\t\t<div class=\"elementor-widget-container\">\n\t\t\t\t\t\t\t\t\t<p>Available only for our brands (Michael Blast and Ride Bike Style)<\/p>\t\t\t\t\t\t\t\t<\/div>\n\t\t\t\t<\/div>\n\t\t\t\t<div class=\"elementor-element elementor-element-4b9d373 elementor-widget elementor-widget-button\" data-id=\"4b9d373\" data-element_type=\"widget\" data-e-type=\"widget\" data-widget_type=\"button.default\">\n\t\t\t\t<div class=\"elementor-widget-container\">\n\t\t\t\t\t\t\t\t\t<div class=\"elementor-button-wrapper\">\n\t\t\t\t\t<a class=\"elementor-button elementor-button-link elementor-size-sm\" href=\"#\">\n\t\t\t\t\t\t<span class=\"elementor-button-content-wrapper\">\n\t\t\t\t\t\t\t\t\t<span class=\"elementor-button-text\">Download PDF<\/span>\n\t\t\t\t\t<\/span>\n\t\t\t\t\t<\/a>\n\t\t\t\t<\/div>\n\t\t\t\t\t\t\t\t<\/div>\n\t\t\t\t<\/div>\n\t\t<div class=\"elementor-element elementor-element-6824147 e-con-full e-flex e-con e-child\" data-id=\"6824147\" data-element_type=\"container\" data-e-type=\"container\">\n\t\t<div class=\"elementor-element elementor-element-dfd6a0b e-flex e-con-boxed e-con e-child\" data-id=\"dfd6a0b\" data-element_type=\"container\" data-e-type=\"container\">\n\t\t\t\t\t<div class=\"e-con-inner\">\n\t\t\t\t<div class=\"elementor-element elementor-element-7dae47e elementor-widget elementor-widget-heading\" data-id=\"7dae47e\" data-element_type=\"widget\" data-e-type=\"widget\" data-widget_type=\"heading.default\">\n\t\t\t\t<div class=\"elementor-widget-container\">\n\t\t\t\t\t<h2 class=\"elementor-heading-title elementor-size-default\"><span style=\"color: #FF4825\">\nLevel 1 Review:<\/span> $99.99+tx<\/h2>\t\t\t\t<\/div>\n\t\t\t\t<\/div>\n\t\t\t\t<div class=\"elementor-element elementor-element-e9270db elementor-widget elementor-widget-text-editor\" data-id=\"e9270db\" data-element_type=\"widget\" data-e-type=\"widget\" data-widget_type=\"text-editor.default\">\n\t\t\t\t<div class=\"elementor-widget-container\">\n\t\t\t\t\t\t\t\t\t<ul><li><p>Visual inspection (general condition of the bike)<\/p><\/li><li><p>Checking the safety of the bike (tightening of screws and bolts)<\/p><\/li><li><p>Brake Check and Adjustment<\/p><\/li><li><p>Checking and adjusting speeds<\/p><\/li><li><p>Tire Check and Pressure Adjustment<\/p><\/li><li><p>Chain lubrication<\/p><\/li><li><p>Quick bike cleaning *<\/p><p>* additional charge for very dirty bikes.<\/p><\/li><\/ul>\t\t\t\t\t\t\t\t<\/div>\n\t\t\t\t<\/div>\n\t\t\t\t\t<\/div>\n\t\t\t\t<\/div>\n\t\t<div class=\"elementor-element elementor-element-1e3cd1f e-flex e-con-boxed e-con e-child\" data-id=\"1e3cd1f\" data-element_type=\"container\" data-e-type=\"container\">\n\t\t\t\t\t<div class=\"e-con-inner\">\n\t\t\t\t<div class=\"elementor-element elementor-element-27987d6 elementor-widget elementor-widget-heading\" data-id=\"27987d6\" data-element_type=\"widget\" data-e-type=\"widget\" data-widget_type=\"heading.default\">\n\t\t\t\t<div class=\"elementor-widget-container\">\n\t\t\t\t\t<h2 class=\"elementor-heading-title elementor-size-default\"><span style=\"color: #FF4825\">\nLevel 2 Review: <\/span>$189.99+tx<\/h2>\t\t\t\t<\/div>\n\t\t\t\t<\/div>\n\t\t\t\t<div class=\"elementor-element elementor-element-38a51c0 elementor-widget elementor-widget-text-editor\" data-id=\"38a51c0\" data-element_type=\"widget\" data-e-type=\"widget\" data-widget_type=\"text-editor.default\">\n\t\t\t\t<div class=\"elementor-widget-container\">\n\t\t\t\t\t\t\t\t\t<ul><li><p>Level 1 Review<\/p><\/li><li><p>Adjustment and lubrication of headset, hubs and bottom bracket<\/p><\/li><li><p>Complete transmission cleaning<\/p><\/li><li><p>Thorough cleaning of the bike *<\/p><p>* Extra charge for very dirty bikes.<\/p><\/li><\/ul>\t\t\t\t\t\t\t\t<\/div>\n\t\t\t\t<\/div>\n\t\t\t\t\t<\/div>\n\t\t\t\t<\/div>\n\t\t\t\t<\/div>\n\t\t<div class=\"elementor-element elementor-element-cdba3b1 e-con-full e-flex e-con e-child\" data-id=\"cdba3b1\" data-element_type=\"container\" data-e-type=\"container\">\n\t\t<div class=\"elementor-element elementor-element-a4c0b0c e-flex e-con-boxed e-con e-child\" data-id=\"a4c0b0c\" data-element_type=\"container\" data-e-type=\"container\">\n\t\t\t\t\t<div class=\"e-con-inner\">\n\t\t\t\t<div class=\"elementor-element elementor-element-19bce2e elementor-widget elementor-widget-heading\" data-id=\"19bce2e\" data-element_type=\"widget\" data-e-type=\"widget\" data-widget_type=\"heading.default\">\n\t\t\t\t<div class=\"elementor-widget-container\">\n\t\t\t\t\t<h2 class=\"elementor-heading-title elementor-size-default\"><span style=\"color: #FF4825\">Thorough cleaning of the bike:<\/span> $59.99+tx*<\/h2>\t\t\t\t<\/div>\n\t\t\t\t<\/div>\n\t\t\t\t<div class=\"elementor-element elementor-element-16f71b5 elementor-widget elementor-widget-text-editor\" data-id=\"16f71b5\" data-element_type=\"widget\" data-e-type=\"widget\" data-widget_type=\"text-editor.default\">\n\t\t\t\t<div class=\"elementor-widget-container\">\n\t\t\t\t\t\t\t\t\t<p>Understand :<\/p><ul><li>The transmission system<\/li><li>The frame<\/li><li>The tires<\/li><li>Application of a protective wax<\/li><\/ul><p>* Extra charge for very dirty bikes.<\/p>\t\t\t\t\t\t\t\t<\/div>\n\t\t\t\t<\/div>\n\t\t\t\t\t<\/div>\n\t\t\t\t<\/div>\n\t\t<div class=\"elementor-element elementor-element-5e9b92a e-flex e-con-boxed e-con e-child\" data-id=\"5e9b92a\" data-element_type=\"container\" data-e-type=\"container\">\n\t\t\t\t\t<div class=\"e-con-inner\">\n\t\t\t\t<div class=\"elementor-element elementor-element-9aa311a elementor-widget elementor-widget-heading\" data-id=\"9aa311a\" data-element_type=\"widget\" data-e-type=\"widget\" data-widget_type=\"heading.default\">\n\t\t\t\t<div class=\"elementor-widget-container\">\n\t\t\t\t\t<h2 class=\"elementor-heading-title elementor-size-default\"><span style=\"color: #FF4825\">Diagnosis for electric bike only:<\/span>$39.99+tx<\/h2>\t\t\t\t<\/div>\n\t\t\t\t<\/div>\n\t\t\t\t<div class=\"elementor-element elementor-element-99b37da elementor-widget elementor-widget-heading\" data-id=\"99b37da\" data-element_type=\"widget\" data-e-type=\"widget\" data-widget_type=\"heading.default\">\n\t\t\t\t<div class=\"elementor-widget-container\">\n\t\t\t\t\t<h2 class=\"elementor-heading-title elementor-size-default\"><span style=\"color: #FF4825\">Electric bike assembly:<\/span>149,99$+tx&nbsp;<\/h2>\t\t\t\t<\/div>\n\t\t\t\t<\/div>\n\t\t\t\t<div class=\"elementor-element elementor-element-be3d1cf elementor-widget elementor-widget-text-editor\" data-id=\"be3d1cf\" data-element_type=\"widget\" data-e-type=\"widget\" data-widget_type=\"text-editor.default\">\n\t\t\t\t<div class=\"elementor-widget-container\">\n\t\t\t\t\t\t\t\t\t<p>For any other service, the hourly rate is 79.99 $ + tx.<\/p>\t\t\t\t\t\t\t\t<\/div>\n\t\t\t\t<\/div>\n\t\t\t\t\t<\/div>\n\t\t\t\t<\/div>\n\t\t\t\t<\/div>\n\t\t\t\t\t<\/div>\n\t\t\t\t<\/div>\n\t\t\t\t<\/div>","protected":false},"excerpt":{"rendered":"<p>Services et entretien Disponible uniquement pour nos marques (Michael Blast et Ride Bike Style) Download PDF R\u00e9vision de niveau 1 : $99.99+tx Inspection visuelle (\u00e9tat g\u00e9n\u00e9ral du v\u00e9lo) V\u00e9rification de la s\u00e9curit\u00e9 du v\u00e9lo (serrage des vis et boulons) V\u00e9rification et ajustement des freins V\u00e9rification et ajustement des vitesses V\u00e9rification des pneus et ajustement de [&hellip;]<\/p>\n","protected":false},"author":1,"featured_media":0,"parent":0,"menu_order":0,"comment_status":"closed","ping_status":"closed","template":"","meta":{"_acf_changed":false,"footnotes":""},"class_list":["post-1558","page","type-page","status-publish","hentry"],"acf":[],"yoast_head":"<!-- This site is optimized with the Yoast SEO plugin v27.4 - https:\/\/yoast.com\/product\/yoast-seo-wordpress\/ -->\n<title>Services - Ride Bike Style<\/title>\n<meta name=\"robots\" content=\"index, follow, max-snippet:-1, max-image-preview:large, max-video-preview:-1\" \/>\n<link rel=\"canonical\" href=\"https:\/\/www.ridebikestyle.com\/en\/services\/\" \/>\n<meta property=\"og:locale\" content=\"en_US\" \/>\n<meta property=\"og:type\" content=\"article\" \/>\n<meta property=\"og:title\" content=\"Services - Ride Bike Style\" \/>\n<meta property=\"og:description\" content=\"Services et entretien Disponible uniquement pour nos marques (Michael Blast et Ride Bike Style) Download PDF R\u00e9vision de niveau 1 : $99.99+tx Inspection visuelle (\u00e9tat g\u00e9n\u00e9ral du v\u00e9lo) V\u00e9rification de la s\u00e9curit\u00e9 du v\u00e9lo (serrage des vis et boulons) V\u00e9rification et ajustement des freins V\u00e9rification et ajustement des vitesses V\u00e9rification des pneus et ajustement de [&hellip;]\" \/>\n<meta property=\"og:url\" content=\"https:\/\/www.ridebikestyle.com\/en\/services\/\" \/>\n<meta property=\"og:site_name\" content=\"Ride Bike Style\" \/>\n<meta property=\"article:modified_time\" content=\"2024-11-15T13:15:04+00:00\" \/>\n<meta name=\"twitter:label1\" content=\"Est. reading time\" \/>\n\t<meta name=\"twitter:data1\" content=\"1 minute\" \/>\n<script type=\"application\/ld+json\" class=\"yoast-schema-graph\">{\"@context\":\"https:\\\/\\\/schema.org\",\"@graph\":[{\"@type\":\"WebPage\",\"@id\":\"https:\\\/\\\/www.ridebikestyle.com\\\/services\\\/\",\"url\":\"https:\\\/\\\/www.ridebikestyle.com\\\/services\\\/\",\"name\":\"Services - Ride Bike Style\",\"isPartOf\":{\"@id\":\"https:\\\/\\\/www.ridebikestyle.com\\\/#website\"},\"datePublished\":\"2024-07-03T11:45:01+00:00\",\"dateModified\":\"2024-11-15T13:15:04+00:00\",\"breadcrumb\":{\"@id\":\"https:\\\/\\\/www.ridebikestyle.com\\\/services\\\/#breadcrumb\"},\"inLanguage\":\"en-US\",\"potentialAction\":[{\"@type\":\"ReadAction\",\"target\":[\"https:\\\/\\\/www.ridebikestyle.com\\\/services\\\/\"]}]},{\"@type\":\"BreadcrumbList\",\"@id\":\"https:\\\/\\\/www.ridebikestyle.com\\\/services\\\/#breadcrumb\",\"itemListElement\":[{\"@type\":\"ListItem\",\"position\":1,\"name\":\"Home\",\"item\":\"https:\\\/\\\/www.ridebikestyle.com\\\/\"},{\"@type\":\"ListItem\",\"position\":2,\"name\":\"Services\"}]},{\"@type\":\"WebSite\",\"@id\":\"https:\\\/\\\/www.ridebikestyle.com\\\/#website\",\"url\":\"https:\\\/\\\/www.ridebikestyle.com\\\/\",\"name\":\"Ride Bike Style\",\"description\":\"\",\"publisher\":{\"@id\":\"https:\\\/\\\/www.ridebikestyle.com\\\/#organization\"},\"potentialAction\":[{\"@type\":\"SearchAction\",\"target\":{\"@type\":\"EntryPoint\",\"urlTemplate\":\"https:\\\/\\\/www.ridebikestyle.com\\\/?s={search_term_string}\"},\"query-input\":{\"@type\":\"PropertyValueSpecification\",\"valueRequired\":true,\"valueName\":\"search_term_string\"}}],\"inLanguage\":\"en-US\"},{\"@type\":\"Organization\",\"@id\":\"https:\\\/\\\/www.ridebikestyle.com\\\/#organization\",\"name\":\"Ride Bike Style\",\"url\":\"https:\\\/\\\/www.ridebikestyle.com\\\/\",\"logo\":{\"@type\":\"ImageObject\",\"inLanguage\":\"en-US\",\"@id\":\"https:\\\/\\\/www.ridebikestyle.com\\\/#\\\/schema\\\/logo\\\/image\\\/\",\"url\":\"https:\\\/\\\/www.ridebikestyle.com\\\/wp-content\\\/uploads\\\/2024\\\/02\\\/logo-1.png\",\"contentUrl\":\"https:\\\/\\\/www.ridebikestyle.com\\\/wp-content\\\/uploads\\\/2024\\\/02\\\/logo-1.png\",\"width\":146,\"height\":81,\"caption\":\"Ride Bike Style\"},\"image\":{\"@id\":\"https:\\\/\\\/www.ridebikestyle.com\\\/#\\\/schema\\\/logo\\\/image\\\/\"}}]}<\/script>\n<!-- \/ Yoast SEO plugin. -->","yoast_head_json":{"title":"Services - Ride Bike Style","robots":{"index":"index","follow":"follow","max-snippet":"max-snippet:-1","max-image-preview":"max-image-preview:large","max-video-preview":"max-video-preview:-1"},"canonical":"https:\/\/www.ridebikestyle.com\/en\/services\/","og_locale":"en_US","og_type":"article","og_title":"Services - Ride Bike Style","og_description":"Services et entretien Disponible uniquement pour nos marques (Michael Blast et Ride Bike Style) Download PDF R\u00e9vision de niveau 1 : $99.99+tx Inspection visuelle (\u00e9tat g\u00e9n\u00e9ral du v\u00e9lo) V\u00e9rification de la s\u00e9curit\u00e9 du v\u00e9lo (serrage des vis et boulons) V\u00e9rification et ajustement des freins V\u00e9rification et ajustement des vitesses V\u00e9rification des pneus et ajustement de [&hellip;]","og_url":"https:\/\/www.ridebikestyle.com\/en\/services\/","og_site_name":"Ride Bike Style","article_modified_time":"2024-11-15T13:15:04+00:00","twitter_misc":{"Est. reading time":"1 minute"},"schema":{"@context":"https:\/\/schema.org","@graph":[{"@type":"WebPage","@id":"https:\/\/www.ridebikestyle.com\/services\/","url":"https:\/\/www.ridebikestyle.com\/services\/","name":"Services - Ride Bike Style","isPartOf":{"@id":"https:\/\/www.ridebikestyle.com\/#website"},"datePublished":"2024-07-03T11:45:01+00:00","dateModified":"2024-11-15T13:15:04+00:00","breadcrumb":{"@id":"https:\/\/www.ridebikestyle.com\/services\/#breadcrumb"},"inLanguage":"en-US","potentialAction":[{"@type":"ReadAction","target":["https:\/\/www.ridebikestyle.com\/services\/"]}]},{"@type":"BreadcrumbList","@id":"https:\/\/www.ridebikestyle.com\/services\/#breadcrumb","itemListElement":[{"@type":"ListItem","position":1,"name":"Home","item":"https:\/\/www.ridebikestyle.com\/"},{"@type":"ListItem","position":2,"name":"Services"}]},{"@type":"WebSite","@id":"https:\/\/www.ridebikestyle.com\/#website","url":"https:\/\/www.ridebikestyle.com\/","name":"Ride Bike Style","description":"","publisher":{"@id":"https:\/\/www.ridebikestyle.com\/#organization"},"potentialAction":[{"@type":"SearchAction","target":{"@type":"EntryPoint","urlTemplate":"https:\/\/www.ridebikestyle.com\/?s={search_term_string}"},"query-input":{"@type":"PropertyValueSpecification","valueRequired":true,"valueName":"search_term_string"}}],"inLanguage":"en-US"},{"@type":"Organization","@id":"https:\/\/www.ridebikestyle.com\/#organization","name":"Ride Bike Style","url":"https:\/\/www.ridebikestyle.com\/","logo":{"@type":"ImageObject","inLanguage":"en-US","@id":"https:\/\/www.ridebikestyle.com\/#\/schema\/logo\/image\/","url":"https:\/\/www.ridebikestyle.com\/wp-content\/uploads\/2024\/02\/logo-1.png","contentUrl":"https:\/\/www.ridebikestyle.com\/wp-content\/uploads\/2024\/02\/logo-1.png","width":146,"height":81,"caption":"Ride Bike Style"},"image":{"@id":"https:\/\/www.ridebikestyle.com\/#\/schema\/logo\/image\/"}}]}},"_links":{"self":[{"href":"https:\/\/www.ridebikestyle.com\/en\/wp-json\/wp\/v2\/pages\/1558","targetHints":{"allow":["GET"]}}],"collection":[{"href":"https:\/\/www.ridebikestyle.com\/en\/wp-json\/wp\/v2\/pages"}],"about":[{"href":"https:\/\/www.ridebikestyle.com\/en\/wp-json\/wp\/v2\/types\/page"}],"author":[{"embeddable":true,"href":"https:\/\/www.ridebikestyle.com\/en\/wp-json\/wp\/v2\/users\/1"}],"replies":[{"embeddable":true,"href":"https:\/\/www.ridebikestyle.com\/en\/wp-json\/wp\/v2\/comments?post=1558"}],"version-history":[{"count":0,"href":"https:\/\/www.ridebikestyle.com\/en\/wp-json\/wp\/v2\/pages\/1558\/revisions"}],"wp:attachment":[{"href":"https:\/\/www.ridebikestyle.com\/en\/wp-json\/wp\/v2\/media?parent=1558"}],"curies":[{"name":"wp","href":"https:\/\/api.w.org\/{rel}","templated":true}]}}